{"id":349,"date":"2023-09-20T16:22:54","date_gmt":"2023-09-20T16:22:54","guid":{"rendered":"https:\/\/maison-kayser.ma\/?page_id=349"},"modified":"2023-10-10T15:11:34","modified_gmt":"2023-10-10T15:11:34","slug":"notre-savoir-faire","status":"publish","type":"page","link":"https:\/\/maison-kayser.ma\/index.php\/notre-savoir-faire\/","title":{"rendered":"Notre Savoir-faire"},"content":{"rendered":"\t\t<div data-elementor-type=\"wp-page\" data-elementor-id=\"349\" class=\"elementor elementor-349\">\n\t\t\t\t\t\t\t\t\t<div class=\"elementor-section elementor-top-section elementor-element elementor-element-a76ba21 elementor-section-full_width elementor-section-height-default elementor-section-height-default\" data-id=\"a76ba21\" data-element_type=\"section\" data-settings=\"{&quot;background_background&quot;:&quot;classic&quot;}\">\n\t\t\t\t\t\t\t<div class=\"elementor-background-overlay\"><\/div>\n\t\t\t\t\t\t\t<div class=\"elementor-container elementor-column-gap-default\">\n\t\t\t\t\t<div class=\"elementor-column elementor-col-100 elementor-top-column elementor-element elementor-element-bd9755a\" data-id=\"bd9755a\" data-element_type=\"column\">\n\t\t\t<div class=\"elementor-widget-wrap elementor-element-populated\">\n\t\t\t\t\t\t\t\t<div class=\"elementor-element elementor-element-9ba2025 elementor-widget__width-initial elementor-widget-tablet__width-initial elementor-widget-mobile__width-initial elementor-widget elementor-widget-heading\" data-id=\"9ba2025\" data-element_type=\"widget\" data-widget_type=\"heading.default\">\n\t\t\t\t<div class=\"elementor-widget-container\">\n\t\t\t<style>\/*! elementor - v3.16.0 - 12-09-2023 *\/\n.elementor-heading-title{padding:0;margin:0;line-height:1}.elementor-widget-heading .elementor-heading-title[class*=elementor-size-]>a{color:inherit;font-size:inherit;line-height:inherit}.elementor-widget-heading .elementor-heading-title.elementor-size-small{font-size:15px}.elementor-widget-heading .elementor-heading-title.elementor-size-medium{font-size:19px}.elementor-widget-heading .elementor-heading-title.elementor-size-large{font-size:29px}.elementor-widget-heading .elementor-heading-title.elementor-size-xl{font-size:39px}.elementor-widget-heading .elementor-heading-title.elementor-size-xxl{font-size:59px}<\/style><h1 class=\"elementor-heading-title elementor-size-default\">Notre Savoir-Faire<\/h1>\t\t<\/div>\n\t\t\t\t<\/div>\n\t\t\t\t\t<\/div>\n\t\t<\/div>\n\t\t\t\t\t\t\t<\/div>\n\t\t<\/div>\n\t\t\t\t<div class=\"elementor-section elementor-top-section elementor-element elementor-element-fd5e7f2 elementor-section-boxed elementor-section-height-default elementor-section-height-default\" data-id=\"fd5e7f2\" data-element_type=\"section\" data-settings=\"{&quot;background_background&quot;:&quot;classic&quot;}\">\n\t\t\t\t\t\t<div class=\"elementor-container elementor-column-gap-default\">\n\t\t\t\t\t<div class=\"elementor-column elementor-col-100 elementor-top-column elementor-element elementor-element-f1f9440\" data-id=\"f1f9440\" data-element_type=\"column\">\n\t\t\t<div class=\"elementor-widget-wrap elementor-element-populated\">\n\t\t\t\t\t\t\t\t<div class=\"elementor-element elementor-element-fa14cd3 elementor-widget__width-initial elementor-widget-tablet__width-initial elementor-widget elementor-widget-heading\" data-id=\"fa14cd3\" data-element_type=\"widget\" data-widget_type=\"heading.default\">\n\t\t\t\t<div class=\"elementor-widget-container\">\n\t\t\t<h3 class=\"elementor-heading-title elementor-size-default\">Si la Maison Kayser s\u2019est affirm\u00e9e au fil du temps comme une r\u00e9f\u00e9rence en terme de qualit\u00e9 de produit, aussi bien pour ses pains que ses viennoiseries ou p\u00e2tisseries, c\u2019est le fruit d\u2019un savoir-faire toujours renouvel\u00e9 et enrichi.\n<\/h3>\t\t<\/div>\n\t\t\t\t<\/div>\n\t\t\t\t\t<\/div>\n\t\t<\/div>\n\t\t\t\t\t\t\t<\/div>\n\t\t<\/div>\n\t\t\t\t<section class=\"elementor-section elementor-top-section elementor-element elementor-element-8454675 elementor-section-full_width elementor-reverse-tablet elementor-reverse-mobile elementor-section-height-default elementor-section-height-default\" data-id=\"8454675\" data-element_type=\"section\" data-settings=\"{&quot;background_background&quot;:&quot;classic&quot;}\">\n\t\t\t\t\t\t<div class=\"elementor-container elementor-column-gap-default\">\n\t\t\t\t\t<div class=\"elementor-column elementor-col-50 elementor-top-column elementor-element elementor-element-161a229\" data-id=\"161a229\" data-element_type=\"column\" data-settings=\"{&quot;background_background&quot;:&quot;classic&quot;}\">\n\t\t\t<div class=\"elementor-widget-wrap elementor-element-populated\">\n\t\t\t\t\t\t\t\t<div class=\"elementor-element elementor-element-5316cb3 elementor-widget__width-initial elementor-widget elementor-widget-heading\" data-id=\"5316cb3\" data-element_type=\"widget\" data-widget_type=\"heading.default\">\n\t\t\t\t<div class=\"elementor-widget-container\">\n\t\t\t<h3 class=\"elementor-heading-title elementor-size-default\">Du levain pour des produits plus savoureux<\/h3>\t\t<\/div>\n\t\t\t\t<\/div>\n\t\t\t\t<div class=\"elementor-element elementor-element-adee15d elementor-widget__width-initial elementor-widget elementor-widget-text-editor\" data-id=\"adee15d\" data-element_type=\"widget\" data-widget_type=\"text-editor.default\">\n\t\t\t\t<div class=\"elementor-widget-container\">\n\t\t\t<style>\/*! elementor - v3.16.0 - 12-09-2023 *\/\n.elementor-widget-text-editor.elementor-drop-cap-view-stacked .elementor-drop-cap{background-color:#69727d;color:#fff}.elementor-widget-text-editor.elementor-drop-cap-view-framed .elementor-drop-cap{color:#69727d;border:3px solid;background-color:transparent}.elementor-widget-text-editor:not(.elementor-drop-cap-view-default) .elementor-drop-cap{margin-top:8px}.elementor-widget-text-editor:not(.elementor-drop-cap-view-default) .elementor-drop-cap-letter{width:1em;height:1em}.elementor-widget-text-editor .elementor-drop-cap{float:left;text-align:center;line-height:1;font-size:50px}.elementor-widget-text-editor .elementor-drop-cap-letter{display:inline-block}<\/style>\t\t\t\t<p>Cet agent de fermentation est \u00e9troitement li\u00e9 \u00e0 l\u2019histoire du pain: en effet, ce m\u00e9lange d\u2019eau, et de farine rafra\u00eechi r\u00e9guli\u00e8rement a \u00e9t\u00e9 le premier \u00e0 \u00eatre utilis\u00e9 pour la fabrication du pain. Nos boulangers modernes privil\u00e9gient l\u2019emploi de la levure. Cette derni\u00e8re est moins difficile \u00e0 ma\u00eetriser, et permet d\u2019obtenir rapidement des pains pr\u00e9sentants un certain volume. Cependant, leur conservation est moins bonne et leurs parfums souvent plus pauvres que ceux pouss\u00e9s \u00e0 partir de levain.\u00a0<\/p><p><b>C\u2019est la raison principale qui a pouss\u00e9 \u00c9ric Kayser \u00e0 remettre \u00e0 l\u2019honneur ce proc\u00e9d\u00e9, qui est aujourd\u2019hui utilis\u00e9 pour l\u2019ensemble de nos pains, croissants, brioches&#8230;<\/b><\/p>\t\t\t\t\t\t<\/div>\n\t\t\t\t<\/div>\n\t\t\t\t\t<\/div>\n\t\t<\/div>\n\t\t\t\t<div class=\"elementor-column elementor-col-50 elementor-top-column elementor-element elementor-element-d8ce407\" data-id=\"d8ce407\" data-element_type=\"column\">\n\t\t\t<div class=\"elementor-widget-wrap elementor-element-populated\">\n\t\t\t\t\t\t\t\t<div class=\"elementor-element elementor-element-4444ea3 elementor-widget elementor-widget-image\" data-id=\"4444ea3\" data-element_type=\"widget\" data-widget_type=\"image.default\">\n\t\t\t\t<div class=\"elementor-widget-container\">\n\t\t\t<style>\/*! elementor - v3.16.0 - 12-09-2023 *\/\n.elementor-widget-image{text-align:center}.elementor-widget-image a{display:inline-block}.elementor-widget-image a img[src$=\".svg\"]{width:48px}.elementor-widget-image img{vertical-align:middle;display:inline-block}<\/style>\t\t\t\t\t\t\t\t\t\t\t\t<img decoding=\"async\" loading=\"lazy\" width=\"1410\" height=\"1350\" src=\"https:\/\/maison-kayser.ma\/wp-content\/uploads\/2023\/09\/pain.jpg\" class=\"attachment-full size-full wp-image-447\" alt=\"\" srcset=\"https:\/\/maison-kayser.ma\/wp-content\/uploads\/2023\/09\/pain.jpg 1410w, https:\/\/maison-kayser.ma\/wp-content\/uploads\/2023\/09\/pain-300x287.jpg 300w, https:\/\/maison-kayser.ma\/wp-content\/uploads\/2023\/09\/pain-1024x980.jpg 1024w, https:\/\/maison-kayser.ma\/wp-content\/uploads\/2023\/09\/pain-768x735.jpg 768w, https:\/\/maison-kayser.ma\/wp-content\/uploads\/2023\/09\/pain-650x622.jpg 650w\" sizes=\"(max-width: 1410px) 100vw, 1410px\" \/>\t\t\t\t\t\t\t\t\t\t\t\t\t\t\t<\/div>\n\t\t\t\t<\/div>\n\t\t\t\t\t<\/div>\n\t\t<\/div>\n\t\t\t\t\t\t\t<\/div>\n\t\t<\/section>\n\t\t\t\t<section class=\"elementor-section elementor-top-section elementor-element elementor-element-27cf731 elementor-section-full_width elementor-section-height-default elementor-section-height-default\" data-id=\"27cf731\" data-element_type=\"section\" data-settings=\"{&quot;background_background&quot;:&quot;classic&quot;}\">\n\t\t\t\t\t\t<div class=\"elementor-container elementor-column-gap-default\">\n\t\t\t\t\t<div class=\"elementor-column elementor-col-50 elementor-top-column elementor-element elementor-element-fbb0ef2\" data-id=\"fbb0ef2\" data-element_type=\"column\">\n\t\t\t<div class=\"elementor-widget-wrap elementor-element-populated\">\n\t\t\t\t\t\t\t\t<div class=\"elementor-element elementor-element-cce1e62 elementor-widget elementor-widget-image\" data-id=\"cce1e62\" data-element_type=\"widget\" data-widget_type=\"image.default\">\n\t\t\t\t<div class=\"elementor-widget-container\">\n\t\t\t\t\t\t\t\t\t\t\t\t\t\t\t<img decoding=\"async\" loading=\"lazy\" width=\"1410\" height=\"1350\" src=\"https:\/\/maison-kayser.ma\/wp-content\/uploads\/2023\/09\/GAMME.jpg\" class=\"attachment-full size-full wp-image-366\" alt=\"\" srcset=\"https:\/\/maison-kayser.ma\/wp-content\/uploads\/2023\/09\/GAMME.jpg 1410w, https:\/\/maison-kayser.ma\/wp-content\/uploads\/2023\/09\/GAMME-300x287.jpg 300w, https:\/\/maison-kayser.ma\/wp-content\/uploads\/2023\/09\/GAMME-1024x980.jpg 1024w, https:\/\/maison-kayser.ma\/wp-content\/uploads\/2023\/09\/GAMME-768x735.jpg 768w, https:\/\/maison-kayser.ma\/wp-content\/uploads\/2023\/09\/GAMME-650x622.jpg 650w\" sizes=\"(max-width: 1410px) 100vw, 1410px\" \/>\t\t\t\t\t\t\t\t\t\t\t\t\t\t\t<\/div>\n\t\t\t\t<\/div>\n\t\t\t\t\t<\/div>\n\t\t<\/div>\n\t\t\t\t<div class=\"elementor-column elementor-col-50 elementor-top-column elementor-element elementor-element-404bc6e\" data-id=\"404bc6e\" data-element_type=\"column\" data-settings=\"{&quot;background_background&quot;:&quot;classic&quot;}\">\n\t\t\t<div class=\"elementor-widget-wrap elementor-element-populated\">\n\t\t\t\t\t\t\t\t<div class=\"elementor-element elementor-element-541c20a elementor-widget__width-initial elementor-widget-mobile__width-initial elementor-widget elementor-widget-heading\" data-id=\"541c20a\" data-element_type=\"widget\" data-widget_type=\"heading.default\">\n\t\t\t\t<div class=\"elementor-widget-container\">\n\t\t\t<h3 class=\"elementor-heading-title elementor-size-default\">Un savoir-faire unique au service d'une gamme de produits plurielle<\/h3>\t\t<\/div>\n\t\t\t\t<\/div>\n\t\t\t\t<div class=\"elementor-element elementor-element-f8d65a3 elementor-widget__width-initial elementor-widget-mobile__width-inherit elementor-widget elementor-widget-text-editor\" data-id=\"f8d65a3\" data-element_type=\"widget\" data-widget_type=\"text-editor.default\">\n\t\t\t\t<div class=\"elementor-widget-container\">\n\t\t\t\t\t\t\t<p>Difficile d\u2019imaginer un repas sans pain. La Maison Kayser a \u00e9labor\u00e9 des recettes autour de cet aliment afin d\u2019en faire un v\u00e9ritable compagnon gastronomique. Ainsi est n\u00e9e la cuisine du boulanger, que l\u2019on retrouve dans chaque boulangerie de notre entreprise, mais \u00e9galement dans des d\u00e9clinaisons plus pouss\u00e9es au sein de nos boulangeries-restaurant<\/p>\t\t\t\t\t\t<\/div>\n\t\t\t\t<\/div>\n\t\t\t\t\t<\/div>\n\t\t<\/div>\n\t\t\t\t\t\t\t<\/div>\n\t\t<\/section>\n\t\t\t\t<section class=\"elementor-section elementor-top-section elementor-element elementor-element-ed54104 elementor-section-full_width elementor-reverse-tablet elementor-reverse-mobile elementor-section-height-default elementor-section-height-default\" data-id=\"ed54104\" data-element_type=\"section\" data-settings=\"{&quot;background_background&quot;:&quot;classic&quot;}\">\n\t\t\t\t\t\t<div class=\"elementor-container elementor-column-gap-default\">\n\t\t\t\t\t<div class=\"elementor-column elementor-col-50 elementor-top-column elementor-element elementor-element-701b061\" data-id=\"701b061\" data-element_type=\"column\" data-settings=\"{&quot;background_background&quot;:&quot;classic&quot;}\">\n\t\t\t<div class=\"elementor-widget-wrap elementor-element-populated\">\n\t\t\t\t\t\t\t\t<div class=\"elementor-element elementor-element-ea1064e elementor-widget elementor-widget-heading\" data-id=\"ea1064e\" data-element_type=\"widget\" data-widget_type=\"heading.default\">\n\t\t\t\t<div class=\"elementor-widget-container\">\n\t\t\t<h3 class=\"elementor-heading-title elementor-size-default\">Donner le temps au temps<\/h3>\t\t<\/div>\n\t\t\t\t<\/div>\n\t\t\t\t<div class=\"elementor-element elementor-element-0e5a392 elementor-widget__width-initial elementor-widget elementor-widget-text-editor\" data-id=\"0e5a392\" data-element_type=\"widget\" data-widget_type=\"text-editor.default\">\n\t\t\t\t<div class=\"elementor-widget-container\">\n\t\t\t\t\t\t\t<p>Un bon boulanger ne doit pas se pr\u00e9cipiter. Un bon pain repose 12 heures sur toile de lin avant d&rsquo;enfourner. Cette longue p\u00e9riode de fermentation est le moment cl\u00e9 du processus o\u00f9 le miracle se produit : le pain double de volume et des centaines d&rsquo;ar\u00f4mes se d\u00e9veloppent pour atteindre son potentiel gustatif le plus \u00e9lev\u00e9.<\/p><p>Respectueux de la tradition boulang\u00e8re artisanale fran\u00e7aise, tous nos pains sont lentement p\u00e9tris \u00e0 la main en interne pour recevoir un \u00e0 un tous les soins dont ils ont besoin de la part du boulanger.<\/p>\t\t\t\t\t\t<\/div>\n\t\t\t\t<\/div>\n\t\t\t\t\t<\/div>\n\t\t<\/div>\n\t\t\t\t<div class=\"elementor-column elementor-col-50 elementor-top-column elementor-element elementor-element-e76a7a0\" data-id=\"e76a7a0\" data-element_type=\"column\">\n\t\t\t<div class=\"elementor-widget-wrap elementor-element-populated\">\n\t\t\t\t\t\t\t\t<div class=\"elementor-element elementor-element-e998580 elementor-widget elementor-widget-image\" data-id=\"e998580\" data-element_type=\"widget\" data-widget_type=\"image.default\">\n\t\t\t\t<div class=\"elementor-widget-container\">\n\t\t\t\t\t\t\t\t\t\t\t\t\t\t\t<img decoding=\"async\" loading=\"lazy\" width=\"1410\" height=\"1350\" src=\"https:\/\/maison-kayser.ma\/wp-content\/uploads\/2023\/09\/pains.jpg\" class=\"attachment-full size-full wp-image-363\" alt=\"\" srcset=\"https:\/\/maison-kayser.ma\/wp-content\/uploads\/2023\/09\/pains.jpg 1410w, https:\/\/maison-kayser.ma\/wp-content\/uploads\/2023\/09\/pains-300x287.jpg 300w, https:\/\/maison-kayser.ma\/wp-content\/uploads\/2023\/09\/pains-1024x980.jpg 1024w, https:\/\/maison-kayser.ma\/wp-content\/uploads\/2023\/09\/pains-768x735.jpg 768w, https:\/\/maison-kayser.ma\/wp-content\/uploads\/2023\/09\/pains-650x622.jpg 650w\" sizes=\"(max-width: 1410px) 100vw, 1410px\" \/>\t\t\t\t\t\t\t\t\t\t\t\t\t\t\t<\/div>\n\t\t\t\t<\/div>\n\t\t\t\t\t<\/div>\n\t\t<\/div>\n\t\t\t\t\t\t\t<\/div>\n\t\t<\/section>\n\t\t\t\t\t\t\t<\/div>\n\t\t","protected":false},"excerpt":{"rendered":"<p>Notre Savoir-Faire Si la Maison Kayser s\u2019est affirm\u00e9e au fil du temps comme une r\u00e9f\u00e9rence en terme de qualit\u00e9 de produit, aussi [&hellip;]<\/p>\n","protected":false},"author":1,"featured_media":153,"parent":0,"menu_order":0,"comment_status":"closed","ping_status":"closed","template":"","meta":{"footnotes":""},"_links":{"self":[{"href":"https:\/\/maison-kayser.ma\/index.php\/wp-json\/wp\/v2\/pages\/349"}],"collection":[{"href":"https:\/\/maison-kayser.ma\/index.php\/wp-json\/wp\/v2\/pages"}],"about":[{"href":"https:\/\/maison-kayser.ma\/index.php\/wp-json\/wp\/v2\/types\/page"}],"author":[{"embeddable":true,"href":"https:\/\/maison-kayser.ma\/index.php\/wp-json\/wp\/v2\/users\/1"}],"replies":[{"embeddable":true,"href":"https:\/\/maison-kayser.ma\/index.php\/wp-json\/wp\/v2\/comments?post=349"}],"version-history":[{"count":28,"href":"https:\/\/maison-kayser.ma\/index.php\/wp-json\/wp\/v2\/pages\/349\/revisions"}],"predecessor-version":[{"id":627,"href":"https:\/\/maison-kayser.ma\/index.php\/wp-json\/wp\/v2\/pages\/349\/revisions\/627"}],"wp:featuredmedia":[{"embeddable":true,"href":"https:\/\/maison-kayser.ma\/index.php\/wp-json\/wp\/v2\/media\/153"}],"wp:attachment":[{"href":"https:\/\/maison-kayser.ma\/index.php\/wp-json\/wp\/v2\/media?parent=349"}],"curies":[{"name":"wp","href":"https:\/\/api.w.org\/{rel}","templated":true}]}}