{"id":539,"date":"2023-10-03T14:21:03","date_gmt":"2023-10-03T14:21:03","guid":{"rendered":"https:\/\/maison-kayser.ma\/?page_id=539"},"modified":"2023-10-13T13:03:31","modified_gmt":"2023-10-13T13:03:31","slug":"evenements-entreprises","status":"publish","type":"page","link":"https:\/\/maison-kayser.ma\/index.php\/evenements-entreprises\/","title":{"rendered":"Ev\u00e9nements &#038; Entreprises"},"content":{"rendered":"\t\t<div data-elementor-type=\"wp-page\" data-elementor-id=\"539\" class=\"elementor elementor-539\">\n\t\t\t\t\t\t\t\t\t<div class=\"elementor-section elementor-top-section elementor-element elementor-element-a76ba21 elementor-section-full_width elementor-section-height-default elementor-section-height-default\" data-id=\"a76ba21\" data-element_type=\"section\" data-settings=\"{&quot;background_background&quot;:&quot;classic&quot;}\">\n\t\t\t\t\t\t\t<div class=\"elementor-background-overlay\"><\/div>\n\t\t\t\t\t\t\t<div class=\"elementor-container elementor-column-gap-default\">\n\t\t\t\t\t<div class=\"elementor-column elementor-col-100 elementor-top-column elementor-element elementor-element-bd9755a\" data-id=\"bd9755a\" data-element_type=\"column\">\n\t\t\t<div class=\"elementor-widget-wrap elementor-element-populated\">\n\t\t\t\t\t\t\t\t<div class=\"elementor-element elementor-element-9ba2025 elementor-widget__width-initial elementor-widget-tablet__width-initial elementor-widget-mobile__width-initial elementor-widget elementor-widget-heading\" data-id=\"9ba2025\" data-element_type=\"widget\" data-widget_type=\"heading.default\">\n\t\t\t\t<div class=\"elementor-widget-container\">\n\t\t\t<style>\/*! elementor - v3.16.0 - 12-09-2023 *\/\n.elementor-heading-title{padding:0;margin:0;line-height:1}.elementor-widget-heading .elementor-heading-title[class*=elementor-size-]>a{color:inherit;font-size:inherit;line-height:inherit}.elementor-widget-heading .elementor-heading-title.elementor-size-small{font-size:15px}.elementor-widget-heading .elementor-heading-title.elementor-size-medium{font-size:19px}.elementor-widget-heading .elementor-heading-title.elementor-size-large{font-size:29px}.elementor-widget-heading .elementor-heading-title.elementor-size-xl{font-size:39px}.elementor-widget-heading .elementor-heading-title.elementor-size-xxl{font-size:59px}<\/style><h1 class=\"elementor-heading-title elementor-size-default\">Ev\u00e9nements &amp; Entreprises<\/h1>\t\t<\/div>\n\t\t\t\t<\/div>\n\t\t\t\t\t<\/div>\n\t\t<\/div>\n\t\t\t\t\t\t\t<\/div>\n\t\t<\/div>\n\t\t\t\t<div class=\"elementor-section elementor-top-section elementor-element elementor-element-fd5e7f2 elementor-section-boxed elementor-section-height-default elementor-section-height-default\" data-id=\"fd5e7f2\" data-element_type=\"section\" data-settings=\"{&quot;background_background&quot;:&quot;classic&quot;}\">\n\t\t\t\t\t\t<div class=\"elementor-container elementor-column-gap-default\">\n\t\t\t\t\t<div class=\"elementor-column elementor-col-100 elementor-top-column elementor-element elementor-element-f1f9440\" data-id=\"f1f9440\" data-element_type=\"column\">\n\t\t\t<div class=\"elementor-widget-wrap elementor-element-populated\">\n\t\t\t\t\t\t\t\t<div class=\"elementor-element elementor-element-fa14cd3 elementor-widget__width-initial elementor-widget-tablet__width-initial elementor-widget elementor-widget-heading\" data-id=\"fa14cd3\" data-element_type=\"widget\" data-widget_type=\"heading.default\">\n\t\t\t\t<div class=\"elementor-widget-container\">\n\t\t\t<h3 class=\"elementor-heading-title elementor-size-default\">Particuliers, professionnels profitez du savoir-faire de la Maison Kayser pour vos \u00e9v\u00e9nements et vos r\u00e9ceptions. Nous pouvons livrer des petits d\u00e9jeuners, des d\u00e9jeuners et agr\u00e9menter vos r\u00e9ceptions de petits fours sal\u00e9s et sucr\u00e9s.<\/h3>\t\t<\/div>\n\t\t\t\t<\/div>\n\t\t\t\t\t<\/div>\n\t\t<\/div>\n\t\t\t\t\t\t\t<\/div>\n\t\t<\/div>\n\t\t\t\t<section class=\"elementor-section elementor-top-section elementor-element elementor-element-8454675 elementor-section-full_width elementor-reverse-tablet elementor-reverse-mobile elementor-section-height-default elementor-section-height-default\" data-id=\"8454675\" data-element_type=\"section\" data-settings=\"{&quot;background_background&quot;:&quot;classic&quot;}\">\n\t\t\t\t\t\t<div class=\"elementor-container elementor-column-gap-default\">\n\t\t\t\t\t<div class=\"elementor-column elementor-col-50 elementor-top-column elementor-element elementor-element-161a229\" data-id=\"161a229\" data-element_type=\"column\" data-settings=\"{&quot;background_background&quot;:&quot;classic&quot;}\">\n\t\t\t<div class=\"elementor-widget-wrap elementor-element-populated\">\n\t\t\t\t\t\t\t\t<div class=\"elementor-element elementor-element-5316cb3 elementor-widget elementor-widget-heading\" data-id=\"5316cb3\" data-element_type=\"widget\" data-widget_type=\"heading.default\">\n\t\t\t\t<div class=\"elementor-widget-container\">\n\t\t\t<h3 class=\"elementor-heading-title elementor-size-default\">Entreprises<\/h3>\t\t<\/div>\n\t\t\t\t<\/div>\n\t\t\t\t<div class=\"elementor-element elementor-element-adee15d elementor-widget__width-initial elementor-widget elementor-widget-text-editor\" data-id=\"adee15d\" data-element_type=\"widget\" data-widget_type=\"text-editor.default\">\n\t\t\t\t<div class=\"elementor-widget-container\">\n\t\t\t<style>\/*! elementor - v3.16.0 - 12-09-2023 *\/\n.elementor-widget-text-editor.elementor-drop-cap-view-stacked .elementor-drop-cap{background-color:#69727d;color:#fff}.elementor-widget-text-editor.elementor-drop-cap-view-framed .elementor-drop-cap{color:#69727d;border:3px solid;background-color:transparent}.elementor-widget-text-editor:not(.elementor-drop-cap-view-default) .elementor-drop-cap{margin-top:8px}.elementor-widget-text-editor:not(.elementor-drop-cap-view-default) .elementor-drop-cap-letter{width:1em;height:1em}.elementor-widget-text-editor .elementor-drop-cap{float:left;text-align:center;line-height:1;font-size:50px}.elementor-widget-text-editor .elementor-drop-cap-letter{display:inline-block}<\/style>\t\t\t\t<div class=\"vce-row-container\"><div id=\"el-602858d6\" class=\"vce-row vce-row--col-gap-30 vce-row-columns--top vce-row-content--top\" data-vce-do-apply=\"all el-602858d6\"><div class=\"vce-row-content\" data-vce-element-content=\"true\"><div id=\"el-c4656a44\" class=\"vce-col vce-col--md-100p vce-col--xs-1 vce-col--xs-last vce-col--xs-first vce-col--sm-last vce-col--sm-first vce-col--md-last vce-col--lg-last vce-col--xl-last vce-col--md-first vce-col--lg-first vce-col--xl-first\" data-vce-do-apply=\"background el-c4656a44\"><div class=\"vce-col-inner\" data-vce-element-content=\"true\" data-vce-do-apply=\"padding margin border el-c4656a44\"><div class=\"vce-text-block\"><div id=\"el-3681359b\" class=\"vce-text-block-wrapper vce\" data-vce-do-apply=\"all el-3681359b\"><p>La Maison Kayser s\u2019invite dans vos locaux pour vous offrir des instants de convivialit\u00e9 plac\u00e9s sous le signe de la gourmandise.<\/p><p>Faites-vous livrer petits d\u00e9jeuners, d\u00e9jeuner et autres p\u00e2tisseries, fours sal\u00e9s ou fours sucr\u00e9s directement sur votre lieu de travail. Si vous souhaitez passer commande ou faire une demande de devis, vous pouvez nous contacter.<\/p><p>Les commandes doivent \u00eatre pass\u00e9es jusqu\u2019\u00e0 72 heures \u00e0 l\u2019avance (selon le type de produit).\u00a0<\/p><\/div><\/div><\/div><\/div><\/div><\/div><\/div>\t\t\t\t\t\t<\/div>\n\t\t\t\t<\/div>\n\t\t\t\t<div class=\"elementor-element elementor-element-5274d69 elementor-align-center elementor-widget elementor-widget-button\" data-id=\"5274d69\" data-element_type=\"widget\" data-widget_type=\"button.default\">\n\t\t\t\t<div class=\"elementor-widget-container\">\n\t\t\t\t\t<div class=\"elementor-button-wrapper\">\n\t\t\t<a class=\"elementor-button elementor-button-link elementor-size-sm\" href=\"https:\/\/maison-kayser.ma\/index.php\/coming-soon\/\">\n\t\t\t\t\t\t<span class=\"elementor-button-content-wrapper\">\n\t\t\t\t\t\t<span class=\"elementor-button-text\">Consulter le menu<\/span>\n\t\t<\/span>\n\t\t\t\t\t<\/a>\n\t\t<\/div>\n\t\t\t\t<\/div>\n\t\t\t\t<\/div>\n\t\t\t\t\t<\/div>\n\t\t<\/div>\n\t\t\t\t<div class=\"elementor-column elementor-col-50 elementor-top-column elementor-element elementor-element-d8ce407\" data-id=\"d8ce407\" data-element_type=\"column\">\n\t\t\t<div class=\"elementor-widget-wrap elementor-element-populated\">\n\t\t\t\t\t\t\t\t<div class=\"elementor-element elementor-element-4444ea3 elementor-widget elementor-widget-image\" data-id=\"4444ea3\" data-element_type=\"widget\" data-widget_type=\"image.default\">\n\t\t\t\t<div class=\"elementor-widget-container\">\n\t\t\t<style>\/*! elementor - v3.16.0 - 12-09-2023 *\/\n.elementor-widget-image{text-align:center}.elementor-widget-image a{display:inline-block}.elementor-widget-image a img[src$=\".svg\"]{width:48px}.elementor-widget-image img{vertical-align:middle;display:inline-block}<\/style>\t\t\t\t\t\t\t\t\t\t\t\t<img decoding=\"async\" loading=\"lazy\" width=\"1410\" height=\"1350\" src=\"https:\/\/maison-kayser.ma\/wp-content\/uploads\/2023\/10\/restaurants.jpg\" class=\"attachment-full size-full wp-image-592\" alt=\"\" srcset=\"https:\/\/maison-kayser.ma\/wp-content\/uploads\/2023\/10\/restaurants.jpg 1410w, https:\/\/maison-kayser.ma\/wp-content\/uploads\/2023\/10\/restaurants-300x287.jpg 300w, https:\/\/maison-kayser.ma\/wp-content\/uploads\/2023\/10\/restaurants-1024x980.jpg 1024w, https:\/\/maison-kayser.ma\/wp-content\/uploads\/2023\/10\/restaurants-768x735.jpg 768w, https:\/\/maison-kayser.ma\/wp-content\/uploads\/2023\/10\/restaurants-650x622.jpg 650w\" sizes=\"(max-width: 1410px) 100vw, 1410px\" \/>\t\t\t\t\t\t\t\t\t\t\t\t\t\t\t<\/div>\n\t\t\t\t<\/div>\n\t\t\t\t\t<\/div>\n\t\t<\/div>\n\t\t\t\t\t\t\t<\/div>\n\t\t<\/section>\n\t\t\t\t<section class=\"elementor-section elementor-top-section elementor-element elementor-element-27cf731 elementor-section-full_width elementor-section-height-default elementor-section-height-default\" data-id=\"27cf731\" data-element_type=\"section\" data-settings=\"{&quot;background_background&quot;:&quot;classic&quot;}\">\n\t\t\t\t\t\t<div class=\"elementor-container elementor-column-gap-default\">\n\t\t\t\t\t<div class=\"elementor-column elementor-col-50 elementor-top-column elementor-element elementor-element-fbb0ef2\" data-id=\"fbb0ef2\" data-element_type=\"column\">\n\t\t\t<div class=\"elementor-widget-wrap elementor-element-populated\">\n\t\t\t\t\t\t\t\t<div class=\"elementor-element elementor-element-cce1e62 elementor-widget elementor-widget-image\" data-id=\"cce1e62\" data-element_type=\"widget\" data-widget_type=\"image.default\">\n\t\t\t\t<div class=\"elementor-widget-container\">\n\t\t\t\t\t\t\t\t\t\t\t\t\t\t\t<img decoding=\"async\" loading=\"lazy\" width=\"1410\" height=\"1350\" src=\"https:\/\/maison-kayser.ma\/wp-content\/uploads\/2023\/10\/evenement.jpg\" class=\"attachment-full size-full wp-image-542\" alt=\"\" srcset=\"https:\/\/maison-kayser.ma\/wp-content\/uploads\/2023\/10\/evenement.jpg 1410w, https:\/\/maison-kayser.ma\/wp-content\/uploads\/2023\/10\/evenement-300x287.jpg 300w, https:\/\/maison-kayser.ma\/wp-content\/uploads\/2023\/10\/evenement-1024x980.jpg 1024w, https:\/\/maison-kayser.ma\/wp-content\/uploads\/2023\/10\/evenement-768x735.jpg 768w, https:\/\/maison-kayser.ma\/wp-content\/uploads\/2023\/10\/evenement-650x622.jpg 650w\" sizes=\"(max-width: 1410px) 100vw, 1410px\" \/>\t\t\t\t\t\t\t\t\t\t\t\t\t\t\t<\/div>\n\t\t\t\t<\/div>\n\t\t\t\t\t<\/div>\n\t\t<\/div>\n\t\t\t\t<div class=\"elementor-column elementor-col-50 elementor-top-column elementor-element elementor-element-404bc6e\" data-id=\"404bc6e\" data-element_type=\"column\" data-settings=\"{&quot;background_background&quot;:&quot;classic&quot;}\">\n\t\t\t<div class=\"elementor-widget-wrap elementor-element-populated\">\n\t\t\t\t\t\t\t\t<div class=\"elementor-element elementor-element-541c20a elementor-widget elementor-widget-heading\" data-id=\"541c20a\" data-element_type=\"widget\" data-widget_type=\"heading.default\">\n\t\t\t\t<div class=\"elementor-widget-container\">\n\t\t\t<h3 class=\"elementor-heading-title elementor-size-default\">Ev\u00e9nements<\/h3>\t\t<\/div>\n\t\t\t\t<\/div>\n\t\t\t\t<div class=\"elementor-element elementor-element-f8d65a3 elementor-widget__width-initial elementor-widget elementor-widget-text-editor\" data-id=\"f8d65a3\" data-element_type=\"widget\" data-widget_type=\"text-editor.default\">\n\t\t\t\t<div class=\"elementor-widget-container\">\n\t\t\t\t\t\t\t<p>La Maison Kayser c\u2019est plus de 25 ans de savoir-faire, de d\u00e9couvertes et d\u2019innovations avec pour vocation de redonner du go\u00fbt au pain. Mais pas seulement\u00a0! Notre savoir-faire s\u2019\u00e9tend jusqu\u2019\u00e0 la pr\u00e9paration de vos \u00e9v\u00e9nements. Cocktails, ap\u00e9ritifs d\u00eenatoires, buffets\u2026 Consultez notre carte et composez votre r\u00e9ception comme vous le souhaitez.<\/p><p>Les commandes doivent \u00eatre pass\u00e9es jusqu\u2019\u00e0 72 heures \u00e0 l\u2019avance (selon le type de produit).\u00a0<\/p>\t\t\t\t\t\t<\/div>\n\t\t\t\t<\/div>\n\t\t\t\t<div class=\"elementor-element elementor-element-0525e6f elementor-align-center elementor-widget elementor-widget-button\" data-id=\"0525e6f\" data-element_type=\"widget\" data-widget_type=\"button.default\">\n\t\t\t\t<div class=\"elementor-widget-container\">\n\t\t\t\t\t<div class=\"elementor-button-wrapper\">\n\t\t\t<a class=\"elementor-button elementor-button-link elementor-size-sm\" href=\"https:\/\/maison-kayser.ma\/index.php\/coming-soon\/\">\n\t\t\t\t\t\t<span class=\"elementor-button-content-wrapper\">\n\t\t\t\t\t\t<span class=\"elementor-button-text\">Consulter le menu<\/span>\n\t\t<\/span>\n\t\t\t\t\t<\/a>\n\t\t<\/div>\n\t\t\t\t<\/div>\n\t\t\t\t<\/div>\n\t\t\t\t\t<\/div>\n\t\t<\/div>\n\t\t\t\t\t\t\t<\/div>\n\t\t<\/section>\n\t\t\t\t\t\t\t<\/div>\n\t\t","protected":false},"excerpt":{"rendered":"<p>Ev\u00e9nements &amp; Entreprises Particuliers, professionnels profitez du savoir-faire de la Maison Kayser pour vos \u00e9v\u00e9nements et vos r\u00e9ceptions. Nous pouvons livrer des [&hellip;]<\/p>\n","protected":false},"author":1,"featured_media":153,"parent":0,"menu_order":0,"comment_status":"closed","ping_status":"closed","template":"","meta":{"footnotes":""},"_links":{"self":[{"href":"https:\/\/maison-kayser.ma\/index.php\/wp-json\/wp\/v2\/pages\/539"}],"collection":[{"href":"https:\/\/maison-kayser.ma\/index.php\/wp-json\/wp\/v2\/pages"}],"about":[{"href":"https:\/\/maison-kayser.ma\/index.php\/wp-json\/wp\/v2\/types\/page"}],"author":[{"embeddable":true,"href":"https:\/\/maison-kayser.ma\/index.php\/wp-json\/wp\/v2\/users\/1"}],"replies":[{"embeddable":true,"href":"https:\/\/maison-kayser.ma\/index.php\/wp-json\/wp\/v2\/comments?post=539"}],"version-history":[{"count":16,"href":"https:\/\/maison-kayser.ma\/index.php\/wp-json\/wp\/v2\/pages\/539\/revisions"}],"predecessor-version":[{"id":655,"href":"https:\/\/maison-kayser.ma\/index.php\/wp-json\/wp\/v2\/pages\/539\/revisions\/655"}],"wp:featuredmedia":[{"embeddable":true,"href":"https:\/\/maison-kayser.ma\/index.php\/wp-json\/wp\/v2\/media\/153"}],"wp:attachment":[{"href":"https:\/\/maison-kayser.ma\/index.php\/wp-json\/wp\/v2\/media?parent=539"}],"curies":[{"name":"wp","href":"https:\/\/api.w.org\/{rel}","templated":true}]}}